{"id":763,"date":"2025-10-28T12:43:52","date_gmt":"2025-10-28T11:43:52","guid":{"rendered":"https:\/\/winterro.com\/o-nas\/"},"modified":"2025-11-15T14:20:22","modified_gmt":"2025-11-15T13:20:22","slug":"o-nas","status":"publish","type":"page","link":"https:\/\/winterro.com\/cs\/o-nas\/","title":{"rendered":"O n\u00e1s"},"content":{"rendered":"\t\t<div data-elementor-type=\"wp-page\" data-elementor-id=\"763\" class=\"elementor elementor-763 elementor-196\" data-elementor-post-type=\"page\">\n\t\t\t\t<div class=\"elementor-element elementor-element-623b43a e-flex e-con-boxed e-con e-parent\" data-id=\"623b43a\" data-element_type=\"container\">\n\t\t\t\t\t<div class=\"e-con-inner\">\n\t\t\t\t<div class=\"elementor-element elementor-element-1b58648 elementor-widget elementor-widget-text-editor\" data-id=\"1b58648\" data-element_type=\"widget\" data-widget_type=\"text-editor.default\">\n\t\t\t\t\t\t\t\t\t<p>Jsme t\u00fdm nad\u0161enc\u016f, jeho\u017e c\u00edlem je vytv\u00e1\u0159et jedine\u010dn\u00e9 produkty a technologie, kter\u00e9 zlep\u0161uj\u00ed kvalitu \u017eivota ka\u017ed\u00e9ho \u010dlov\u011bka. Na\u0161e v\u00e1\u0161e\u0148 pro inovace a snaha o dokonalost n\u00e1s inspiruj\u00ed k vytv\u00e1\u0159en\u00ed modern\u00edch a funk\u010dn\u00edch zaskl\u00edvac\u00edch syst\u00e9m\u016f, kter\u00e9 jsou v souladu s dne\u0161n\u00edmi pot\u0159ebami a architekturou.<\/p><p>V\u011b\u0159\u00edme, \u017ee ka\u017ed\u00fd prostor si zaslou\u017e\u00ed b\u00fdt vybaven pokro\u010dil\u00fdmi technologiemi, kter\u00e9 zaji\u0161\u0165uj\u00ed komfort, energetickou efektivitu a bezpe\u010dnost.<\/p><p>Usilujeme o dod\u00e1v\u00e1n\u00ed \u0159e\u0161en\u00ed, kter\u00e1 inspiruj\u00ed a spl\u0148uj\u00ed i ty nejn\u00e1ro\u010dn\u011bj\u0161\u00ed po\u017eadavky.<\/p><p>Aktivn\u011b sledujeme nejnov\u011bj\u0161\u00ed trendy a technologick\u00fd pokrok v oblasti zaskl\u00edv\u00e1n\u00ed, abychom mohli neust\u00e1le nab\u00edzet nov\u00e1 a nejmodern\u011bj\u0161\u00ed \u0159e\u0161en\u00ed.<\/p><p>N\u00e1\u0161 t\u00fdm pe\u010dliv\u011b kontroluje ka\u017edou f\u00e1zi v\u00fdroby, aby zajistil vysokou kvalitu na\u0161ich produkt\u016f a jejich dlouhou \u017eivotnost.<\/p><p>Sna\u017e\u00edme se vytv\u00e1\u0159et produkty, kter\u00e9 jsou nejen estetick\u00e9, ale tak\u00e9 snadno montovateln\u00e9 a u\u017eivatelsky p\u0159\u00edv\u011btiv\u00e9, aby poskytovaly maxim\u00e1ln\u00ed komfort na\u0161im z\u00e1kazn\u00edk\u016fm.<\/p><p>V\u00e1\u017e\u00edme si ka\u017ed\u00e9ho z\u00e1kazn\u00edka a usilujeme o budov\u00e1n\u00ed dlouhodob\u00fdch partnerstv\u00ed zalo\u017een\u00fdch na vz\u00e1jemn\u00e9 d\u016fv\u011b\u0159e a porozum\u011bn\u00ed.<\/p><p>Jsme hrd\u00ed na to, \u017ee na\u0161e produkty p\u0159in\u00e1\u0161ej\u00ed u\u017eitek a t\u011b\u0161\u00ed na\u0161e z\u00e1kazn\u00edky, d\u00edky \u010demu\u017e jsou jejich domovy a pracovi\u0161t\u011b pohodln\u00e9, bezpe\u010dn\u00e9 a modern\u00ed. Opravdu v\u011b\u0159\u00edme, \u017ee inovativn\u00ed \u0159e\u0161en\u00ed v oblasti zaskl\u00edv\u00e1n\u00ed mohou u\u010dinit sv\u011bt lep\u0161\u00edm m\u00edstem.<\/p>\t\t\t\t\t\t\t\t<\/div>\n\t\t\t\t<div class=\"elementor-element elementor-element-fa70e80 elementor-widget elementor-widget-text-editor\" data-id=\"fa70e80\" data-element_type=\"widget\" data-widget_type=\"text-editor.default\">\n\t\t\t\t\t\t\t\t\t<p>D\u011bkujeme, \u017ee jste si vybrali pr\u00e1v\u011b n\u00e1s \u2013 va\u0161e d\u016fv\u011bra a podpora n\u00e1s motivuj\u00ed j\u00edt d\u00e1l a ka\u017ed\u00fd den se zlep\u0161ovat.<\/p>\t\t\t\t\t\t\t\t<\/div>\n\t\t\t\t\t<\/div>\n\t\t\t\t<\/div>\n\t\t\t\t<\/div>\n\t\t","protected":false},"excerpt":{"rendered":"<p>Jsme t\u00fdm nad\u0161enc\u016f, jeho\u017e c\u00edlem je vytv\u00e1\u0159et jedine\u010dn\u00e9 produkty a technologie, kter\u00e9 zlep\u0161uj\u00ed kvalitu \u017eivota ka\u017ed\u00e9ho \u010dlov\u011bka. Na\u0161e v\u00e1\u0161e\u0148 pro inovace a snaha o dokonalost n\u00e1s inspiruj\u00ed k vytv\u00e1\u0159en\u00ed modern\u00edch a funk\u010dn\u00edch zaskl\u00edvac\u00edch syst\u00e9m\u016f, kter\u00e9 jsou v souladu s dne\u0161n\u00edmi pot\u0159ebami a architekturou. V\u011b\u0159\u00edme, \u017ee ka\u017ed\u00fd prostor si zaslou\u017e\u00ed b\u00fdt vybaven pokro\u010dil\u00fdmi technologiemi, kter\u00e9 zaji\u0161\u0165uj\u00ed [&hellip;]<\/p>\n","protected":false},"author":1,"featured_media":0,"parent":0,"menu_order":0,"comment_status":"closed","ping_status":"open","template":"","meta":{"_acf_changed":false,"footnotes":""},"class_list":["post-763","page","type-page","status-publish","hentry"],"acf":[],"_links":{"self":[{"href":"https:\/\/winterro.com\/cs\/wp-json\/wp\/v2\/pages\/763","targetHints":{"allow":["GET"]}}],"collection":[{"href":"https:\/\/winterro.com\/cs\/wp-json\/wp\/v2\/pages"}],"about":[{"href":"https:\/\/winterro.com\/cs\/wp-json\/wp\/v2\/types\/page"}],"author":[{"embeddable":true,"href":"https:\/\/winterro.com\/cs\/wp-json\/wp\/v2\/users\/1"}],"replies":[{"embeddable":true,"href":"https:\/\/winterro.com\/cs\/wp-json\/wp\/v2\/comments?post=763"}],"version-history":[{"count":4,"href":"https:\/\/winterro.com\/cs\/wp-json\/wp\/v2\/pages\/763\/revisions"}],"predecessor-version":[{"id":767,"href":"https:\/\/winterro.com\/cs\/wp-json\/wp\/v2\/pages\/763\/revisions\/767"}],"wp:attachment":[{"href":"https:\/\/winterro.com\/cs\/wp-json\/wp\/v2\/media?parent=763"}],"curies":[{"name":"wp","href":"https:\/\/api.w.org\/{rel}","templated":true}]}}