{"id":790,"date":"2025-10-04T11:50:11","date_gmt":"2025-10-04T09:50:11","guid":{"rendered":"https:\/\/winterro.com\/polityka-prywatnosci\/"},"modified":"2025-11-15T15:14:51","modified_gmt":"2025-11-15T14:14:51","slug":"privacy-policy","status":"publish","type":"page","link":"https:\/\/winterro.com\/cs\/privacy-policy\/","title":{"rendered":"Ochrana soukrom\u00ed"},"content":{"rendered":"\t\t<div data-elementor-type=\"wp-page\" data-elementor-id=\"790\" class=\"elementor elementor-790 elementor-3\" data-elementor-post-type=\"page\">\n\t\t\t\t<div class=\"elementor-element elementor-element-76d13db2 e-flex e-con-boxed e-con e-parent\" data-id=\"76d13db2\" data-element_type=\"container\">\n\t\t\t\t\t<div class=\"e-con-inner\">\n\t\t\t\t<div class=\"elementor-element elementor-element-21d9cf1b elementor-widget elementor-widget-text-editor\" data-id=\"21d9cf1b\" data-element_type=\"widget\" data-widget_type=\"text-editor.default\">\n\t\t\t\t\t\t\t\t\t<h3>1. Obecn\u00e9 informace<\/h3><p>Spr\u00e1vcem \u00fadaj\u016f je Winterro Sp. z o.o. se s\u00eddlem v Lublinu, da\u0148ov\u00e9 identifika\u010dn\u00ed \u010d\u00edslo (NIP) 7123435727. Ochrana \u00fadaj\u016f prob\u00edh\u00e1 v souladu s po\u017eadavky obecn\u011b z\u00e1vazn\u00fdch pr\u00e1vn\u00edch p\u0159edpis\u016f a \u00fadaje jsou uchov\u00e1v\u00e1ny na zabezpe\u010den\u00fdch serverech.<\/p><p>Pro v\u00fdklad pojm\u016f se pou\u017e\u00edv\u00e1 slovn\u00ed\u010dek Z\u00e1sad ochrany osobn\u00edch \u00fadaj\u016f.<\/p><p>Pro lep\u0161\u00ed srozumitelnost t\u011bchto Z\u00e1sad ochrany osobn\u00edch \u00fadaj\u016f byl pojem \u201esubjekt \u00fadaj\u016f\u201c nahrazen ozna\u010den\u00edm \u201eVy\u201c nebo \u201eU\u017eivatel\u201c a \u201eSpr\u00e1vce\u201c byl nahrazen ozna\u010den\u00edm \u201eMy\u201c. Term\u00edn \u201eGDPR\u201c znamen\u00e1 na\u0159\u00edzen\u00ed Evropsk\u00e9ho parlamentu a Rady (EU) 2016\/679 ze dne 27. dubna 2016 o ochran\u011b fyzick\u00fdch osob v souvislosti se zpracov\u00e1n\u00edm osobn\u00edch \u00fadaj\u016f a o voln\u00e9m pohybu t\u011bchto \u00fadaj\u016f a o zru\u0161en\u00ed sm\u011brnice 95\/46\/ES.<\/p><p>Respektujeme Va\u0161e pr\u00e1vo na soukrom\u00ed a db\u00e1me na bezpe\u010dnost \u00fadaj\u016f. K tomuto \u00fa\u010delu pou\u017e\u00edv\u00e1me mimo jin\u00e9 zabezpe\u010den\u00fd komunika\u010dn\u00ed protokol SSL.<\/p><p>Osobn\u00ed \u00fadaje uveden\u00e9 v registra\u010dn\u00edm formul\u00e1\u0159i jsou pova\u017eov\u00e1ny za d\u016fv\u011brn\u00e9 a nejsou viditeln\u00e9 pro neopr\u00e1vn\u011bn\u00e9 osoby.<\/p><p>Registrace na Str\u00e1nce, pou\u017e\u00edv\u00e1n\u00ed jak\u00fdchkoli slu\u017eeb a\/nebo funkc\u00ed Str\u00e1nky (v\u010detn\u011b pou\u017e\u00edv\u00e1n\u00ed jako U\u017eivatel, kter\u00fd nepro\u0161el registra\u010dn\u00ed procedurou), stejn\u011b jako zve\u0159ej\u0148ov\u00e1n\u00ed jak\u00fdchkoli informac\u00ed, fotografi\u00ed, ozn\u00e1men\u00ed \u010di koment\u00e1\u0159\u016f na Str\u00e1nce, p\u0159edstavuje potvrzen\u00ed souhlasu tohoto U\u017eivatele s t\u011bmito pravidly a z\u00e1vazek pln\u011b dodr\u017eovat jejich podm\u00ednky.<\/p><h3>2. Spr\u00e1vce \u00fadaj\u016f<\/h3><p>Spr\u00e1vce zpracov\u00e1v\u00e1 pouze ty \u00fadaje, kter\u00e9 U\u017eivatel platformy dobrovoln\u011b uvedl v registra\u010dn\u00edm formul\u00e1\u0159i: jm\u00e9no, telefonn\u00ed \u010d\u00edslo, e-mail, jako\u017e i \u010dinnosti, kter\u00e9 U\u017eivatel na Str\u00e1nce prov\u00e1d\u00ed. Osobn\u00ed \u00fadaje jsou zpracov\u00e1v\u00e1ny:<\/p><ul><li>v souladu s p\u0159edpisy o ochran\u011b osobn\u00edch \u00fadaj\u016f,<\/li><li>v souladu s t\u011bmito Z\u00e1sadami ochrany osobn\u00edch \u00fadaj\u016f,<\/li><li>v rozsahu a za \u00fa\u010delem nezbytn\u00fdm k \u0159\u00e1dn\u00e9mu poskytov\u00e1n\u00ed Slu\u017eeb a v rozsahu a za \u00fa\u010delem nezbytn\u00fdm k napln\u011bn\u00ed opr\u00e1vn\u011bn\u00fdch z\u00e1jm\u016f (pr\u00e1vem od\u016fvodn\u011bn\u00fdch c\u00edl\u016f), p\u0159i\u010dem\u017e zpracov\u00e1n\u00ed nesm\u00ed poru\u0161ovat pr\u00e1va a svobody subjektu \u00fadaj\u016f.<\/li><\/ul><p>Ka\u017ed\u00e1 osoba, jej\u00ed\u017e \u00fadaje zpracov\u00e1v\u00e1me (pokud jsme jejich spr\u00e1vcem), m\u00e1 pr\u00e1vo na p\u0159\u00edstup ke sv\u00fdm \u00fadaj\u016fm, pr\u00e1vo na jejich opravu, vymaz\u00e1n\u00ed nebo omezen\u00ed zpracov\u00e1n\u00ed, pr\u00e1vo vzn\u00e9st n\u00e1mitku a pr\u00e1vo podat st\u00ed\u017enost u dozorov\u00e9ho \u00fa\u0159adu.<\/p><p>Kontakt na osobu dohl\u00ed\u017eej\u00edc\u00ed na zpracov\u00e1n\u00ed osobn\u00edch \u00fadaj\u016f je mo\u017en\u00fd elektronicky na adrese: <a href=\"mailto:info@winterro.com\">info@winterro.com<br \/><\/a>.<\/p><p>Vyhrazujeme si pr\u00e1vo zpracov\u00e1vat Va\u0161e \u00fadaje i po odvol\u00e1n\u00ed souhlasu pouze v rozsahu nezbytn\u00e9m pro uplatn\u011bn\u00ed nebo obhajobu p\u0159\u00edpadn\u00fdch n\u00e1rok\u016f p\u0159ed soudem nebo pokud n\u00e1s k uchov\u00e1v\u00e1n\u00ed \u00fadaj\u016f zavazuj\u00ed vnitrost\u00e1tn\u00ed, unijn\u00ed nebo mezin\u00e1rodn\u00ed pr\u00e1vn\u00ed p\u0159edpisy.<\/p><p>Spr\u00e1vce m\u00e1 pr\u00e1vo zp\u0159\u00edstupnit osobn\u00ed \u00fadaje U\u017eivatele platformy a dal\u0161\u00ed jeho \u00fadaje subjekt\u016fm opr\u00e1vn\u011bn\u00fdm na z\u00e1klad\u011b p\u0159\u00edslu\u0161n\u00fdch pr\u00e1vn\u00edch p\u0159edpis\u016f (nap\u0159. org\u00e1n\u016fm \u010dinn\u00fdm v trestn\u00edm \u0159\u00edzen\u00ed).<\/p><p>Osobn\u00ed \u00fadaje mohou b\u00fdt vymaz\u00e1ny v d\u016fsledku odvol\u00e1n\u00ed souhlasu nebo vznesen\u00ed pr\u00e1vn\u011b p\u0159\u00edpustn\u00e9 n\u00e1mitky proti zpracov\u00e1n\u00ed osobn\u00edch \u00fadaj\u016f.<\/p><p>Poskytovatel slu\u017eby zp\u0159\u00edstup\u0148uje osobn\u00ed \u00fadaje subjekt\u016fm opr\u00e1vn\u011bn\u00fdm na z\u00e1klad\u011b p\u0159\u00edslu\u0161n\u00fdch pr\u00e1vn\u00edch p\u0159edpis\u016f nebo v\u00fdhradn\u011b za \u00fa\u010delem poskytov\u00e1n\u00ed slu\u017eeb U\u017eivateli platformy.<\/p><p>Osobn\u00ed \u00fadaje zpracov\u00e1vaj\u00ed pouze osoby n\u00e1mi k tomu pov\u011b\u0159en\u00e9 nebo zpracovatel\u00e9, s nimi\u017e \u00fazce spolupracujeme.<\/p><h3>3. Soubory cookies<\/h3><p>Str\u00e1nka pou\u017e\u00edv\u00e1 soubory cookies. Jedn\u00e1 se o mal\u00e9 textov\u00e9 soubory zas\u00edlan\u00e9 webov\u00fdm serverem a ukl\u00e1dan\u00e9 softwarem prohl\u00ed\u017ee\u010de na za\u0159\u00edzen\u00ed u\u017eivatele. P\u0159i op\u011btovn\u00e9m p\u0159ipojen\u00ed prohl\u00ed\u017ee\u010de ke Str\u00e1nce tato rozpozn\u00e1 typ za\u0159\u00edzen\u00ed, z n\u011bho\u017e se u\u017eivatel p\u0159ipojuje. Parametry umo\u017e\u0148uj\u00ed \u010d\u00edst informace v nich obsa\u017een\u00e9 pouze serveru, kter\u00fd je vytvo\u0159il. Cookies tedy usnad\u0148uj\u00ed pou\u017e\u00edv\u00e1n\u00ed d\u0159\u00edve nav\u0161t\u00edven\u00fdch str\u00e1nek. Shroma\u017e\u010fovan\u00e9 informace se t\u00fdkaj\u00ed IP adresy, typu prohl\u00ed\u017ee\u010de, jazyka, typu opera\u010dn\u00edho syst\u00e9mu, poskytovatele internetov\u00fdch slu\u017eeb, informac\u00ed o \u010dase a datu, lokalit\u011b a informac\u00ed odes\u00edlan\u00fdch na Str\u00e1nku prost\u0159ednictv\u00edm kontaktn\u00edho formul\u00e1\u0159e.<\/p><p>Na na\u0161\u00ed Str\u00e1nce pou\u017e\u00edv\u00e1me n\u00e1sleduj\u00edc\u00ed typy cookies:<\/p><ul><li>Rela\u010dn\u00ed (session) cookies: ukl\u00e1daj\u00ed se na za\u0159\u00edzen\u00ed U\u017eivatele platformy a z\u016fst\u00e1vaj\u00ed tam do ukon\u010den\u00ed relace dan\u00e9ho prohl\u00ed\u017ee\u010de. Ulo\u017een\u00e9 informace jsou pak trvale smaz\u00e1ny z pam\u011bti za\u0159\u00edzen\u00ed. Mechanismus rela\u010dn\u00edch cookies neumo\u017e\u0148uje z\u00edsk\u00e1vat \u017e\u00e1dn\u00e9 osobn\u00ed \u00fadaje ani d\u016fv\u011brn\u00e9 informace ze za\u0159\u00edzen\u00ed U\u017eivatele platformy.<\/li><li>Trval\u00e9 (persistent) cookies: ukl\u00e1daj\u00ed se na za\u0159\u00edzen\u00ed U\u017eivatele platformy a z\u016fst\u00e1vaj\u00ed tam, dokud nejsou smaz\u00e1ny. Ukon\u010den\u00ed relace dan\u00e9ho prohl\u00ed\u017ee\u010de nebo vypnut\u00ed za\u0159\u00edzen\u00ed nezp\u016fsob\u00ed jejich odstran\u011bn\u00ed ze za\u0159\u00edzen\u00ed U\u017eivatele platformy. Mechanismus trval\u00fdch cookies neumo\u017e\u0148uje z\u00edsk\u00e1vat \u017e\u00e1dn\u00e9 osobn\u00ed \u00fadaje ani d\u016fv\u011brn\u00e9 informace ze za\u0159\u00edzen\u00ed U\u017eivatele platformy.<\/li><\/ul><p>Spr\u00e1vce pou\u017e\u00edv\u00e1 vlastn\u00ed cookies (first-party cookies) pro n\u00e1sleduj\u00edc\u00ed \u00fa\u010dely:<\/p><ul><li>Konfigurace slu\u017eby: rozpozn\u00e1n\u00ed za\u0159\u00edzen\u00ed U\u017eivatele platformy a jeho polohy a n\u00e1sledn\u00e9 zobrazen\u00ed Str\u00e1nky p\u0159izp\u016fsoben\u00e9 jeho individu\u00e1ln\u00edm pot\u0159eb\u00e1m; nastaven\u00ed velikosti p\u00edsma, vzhledu Str\u00e1nky apod.,<\/li><li>Realizace proces\u016f nezbytn\u00fdch pro plnou funk\u010dnost Str\u00e1nky: p\u0159izp\u016fsoben\u00ed obsahu str\u00e1nek preferenc\u00edm U\u017eivatele platformy a optimalizace pou\u017e\u00edv\u00e1n\u00ed Str\u00e1nky. Zejm\u00e9na tyto soubory umo\u017e\u0148uj\u00ed rozpoznat z\u00e1kladn\u00ed parametry za\u0159\u00edzen\u00ed U\u017eivatele platformy a odpov\u00eddaj\u00edc\u00edm zp\u016fsobem zobrazit Str\u00e1nku p\u0159izp\u016fsobenou jeho individu\u00e1ln\u00edm pot\u0159eb\u00e1m;<\/li><li>Anal\u00fdzy, v\u00fdzkum a audit sledovanosti: tvorba anonymn\u00edch statistik, kter\u00e9 pom\u00e1haj\u00ed pochopit, jak U\u017eivatel\u00e9 platformy Str\u00e1nku pou\u017e\u00edvaj\u00ed, co\u017e umo\u017e\u0148uje zlep\u0161ovat jej\u00ed strukturu a obsah.<\/li><li>Za \u00fa\u010delem zaji\u0161t\u011bn\u00ed bezpe\u010dnosti a spolehlivosti platformy pou\u017e\u00edv\u00e1 Spr\u00e1vce cookies t\u0159et\u00edch stran pro n\u00e1sleduj\u00edc\u00ed \u00fa\u010dely:<\/li><li>Shroma\u017e\u010fov\u00e1n\u00ed obecn\u00fdch a anonymn\u00edch statistick\u00fdch \u00fadaj\u016f prost\u0159ednictv\u00edm analytick\u00fdch n\u00e1stroj\u016f Google Analytics (spr\u00e1vce cookies: Google Inc., se s\u00eddlem v USA); vyu\u017e\u00edv\u00e1n\u00ed interaktivn\u00edch funkc\u00ed k propagaci slu\u017eby prost\u0159ednictv\u00edm soci\u00e1ln\u00edch s\u00edt\u00ed, jako je Facebook.com (spr\u00e1vce cookies: Facebook Inc., se s\u00eddlem v USA, nebo Facebook Ireland, se s\u00eddlem v Irsku).<\/li><\/ul><p>Mo\u017enosti nastaven\u00ed podm\u00ednek ukl\u00e1d\u00e1n\u00ed nebo z\u00edsk\u00e1v\u00e1n\u00ed p\u0159\u00edstupu k soubor\u016fm cookies:<\/p><ul><li>U\u017eivatel platformy m\u016f\u017ee samostatn\u011b a kdykoli zm\u011bnit nastaven\u00ed t\u00fdkaj\u00edc\u00ed se soubor\u016f cookies a ur\u010dit podm\u00ednky jejich ukl\u00e1d\u00e1n\u00ed a p\u0159\u00edstupu k za\u0159\u00edzen\u00ed U\u017eivatele platformy. Tyto zm\u011bny m\u016f\u017ee prov\u00e9st v nastaven\u00edch internetov\u00e9ho prohl\u00ed\u017ee\u010de.<\/li><li>Tato nastaven\u00ed lze zejm\u00e9na zm\u011bnit tak, aby blokovala automatickou obsluhu cookies v prohl\u00ed\u017ee\u010di nebo aby informovala o ka\u017ed\u00e9m jejich ulo\u017een\u00ed na za\u0159\u00edzen\u00ed U\u017eivatele platformy. Podrobn\u00e9 informace o mo\u017enostech a zp\u016fsobech pr\u00e1ce se soubory cookies jsou k dispozici v nastaven\u00edch prohl\u00ed\u017ee\u010de;<\/li><li>U\u017eivatel m\u016f\u017ee cookies kdykoli odstranit pomoc\u00ed p\u0159\u00edslu\u0161n\u00fdch funkc\u00ed prohl\u00ed\u017ee\u010de, kter\u00fd pou\u017e\u00edv\u00e1;<\/li><li>Omezen\u00ed pou\u017e\u00edv\u00e1n\u00ed cookies m\u016f\u017ee ovlivnit n\u011bkter\u00e9 funkce dostupn\u00e9 na platform\u011b.<\/li><\/ul><h3>4. \u00da\u010dely a pr\u00e1vn\u00ed z\u00e1klady zpracov\u00e1n\u00ed<\/h3><p>Byly stanoveny \u00fa\u010dely, pro kter\u00e9 jsou Va\u0161e \u00fadaje zpracov\u00e1v\u00e1ny. Jako Spr\u00e1vce budeme Va\u0161e \u00fadaje zpracov\u00e1vat za \u00fa\u010delem:<\/p><ul><li>P\u0159ijet\u00ed \u017e\u00e1dosti o vyu\u017eit\u00ed zprost\u0159edkovatelsk\u00fdch slu\u017eeb a p\u0159\u00edm\u00e9ho marketingu nab\u00edzen\u00fdch slu\u017eeb,<\/li><li>Na\u0161eho opr\u00e1vn\u011bn\u00e9ho z\u00e1jmu spo\u010d\u00edvaj\u00edc\u00edho ve zpracov\u00e1n\u00ed \u00fadaj\u016f za \u00fa\u010delem ur\u010den\u00ed, uplatn\u011bn\u00ed nebo obhajoby p\u0159\u00edpadn\u00fdch n\u00e1rok\u016f (\u010dl. 6 odst. 1 p\u00edsm. f GDPR),<\/li><li>Prov\u00e1d\u011bn\u00ed ve\u0161ker\u00fdch nezbytn\u00fdch \u010dinnost\u00ed souvisej\u00edc\u00edch se zaji\u0161t\u011bn\u00edm pln\u00e9 bezpe\u010dnosti,<\/li><li>Archivace \u00fadaj\u016f t\u00fdkaj\u00edc\u00edch se p\u0159ihl\u00e1\u0161ek k \u00fa\u010dasti,<\/li><li>Odes\u00edl\u00e1n\u00ed odpov\u011bd\u00ed na podan\u00e9 p\u0159ipom\u00ednky, p\u00edsemnosti, \u017e\u00e1dosti, n\u00e1mitky a reklamace,<\/li><li>Pln\u011bn\u00ed pr\u00e1vn\u00edch povinnost\u00ed Spr\u00e1vce.<\/li><\/ul><h3>5. Informace o registra\u010dn\u00edch formul\u00e1\u0159\u00edch<\/h3><p>Str\u00e1nka shroma\u017e\u010fuje informace poskytnut\u00e9 u\u017eivatelem dobrovoln\u011b.<\/p><p>Str\u00e1nka m\u016f\u017ee rovn\u011b\u017e ukl\u00e1dat informace o parametrech p\u0159ipojen\u00ed (\u010dasov\u00e9 raz\u00edtko, IP adresa).<\/p><p>Osobn\u00ed \u00fadaje uveden\u00e9 v registra\u010dn\u00edm formul\u00e1\u0159i jsou zaznamen\u00e1v\u00e1ny Spr\u00e1vcem Str\u00e1nky a osobami nebo organizacemi, kter\u00e9 k tomu byly n\u00e1mi opr\u00e1vn\u011bny.<\/p><p>Osoba, kter\u00e1 vyplnila registra\u010dn\u00ed formul\u00e1\u0159, m\u00e1 pr\u00e1vo kdykoli nahl\u00ed\u017eet do sv\u00fdch \u00fadaj\u016f, upravovat je a po\u017eadovat ukon\u010den\u00ed jejich zpracov\u00e1n\u00ed.<\/p><h3>6. Pr\u00e1vo vzn\u00e9st n\u00e1mitku<\/h3><p>M\u00e1te pr\u00e1vo kdykoli vzn\u00e9st n\u00e1mitku proti zpracov\u00e1n\u00ed Va\u0161ich \u00fadaj\u016f, jak je pops\u00e1no v\u00fd\u0161e. Va\u0161e \u00fadaje p\u0159estaneme pro tyto \u00fa\u010dely zpracov\u00e1vat, leda\u017ee prok\u00e1\u017eeme z\u00e1va\u017en\u00e9 opr\u00e1vn\u011bn\u00e9 d\u016fvody pro zpracov\u00e1n\u00ed, kter\u00e9 p\u0159eva\u017euj\u00ed nad Va\u0161imi z\u00e1jmy, pr\u00e1vy a svobodami, nebo budou Va\u0161e \u00fadaje nezbytn\u00e9 pro ur\u010den\u00ed, uplatn\u011bn\u00ed nebo obhajobu pr\u00e1vn\u00edch n\u00e1rok\u016f.<\/p><p>M\u00e1te pr\u00e1vo kdykoli vzn\u00e9st n\u00e1mitku proti zpracov\u00e1n\u00ed Va\u0161ich \u00fadaj\u016f pro \u00fa\u010dely p\u0159\u00edm\u00e9ho marketingu. Pokud tohoto pr\u00e1va vyu\u017eijete, p\u0159estaneme Va\u0161e \u00fadaje pro tento \u00fa\u010del zpracov\u00e1vat.<\/p><p>Zpracov\u00e1n\u00ed \u00fadaj\u016f prov\u00e1d\u011bn\u00e9 p\u0159ed odvol\u00e1n\u00edm Va\u0161eho souhlasu z\u016fst\u00e1v\u00e1 v souladu se z\u00e1konem.<\/p><h3>7. Doba uchov\u00e1v\u00e1n\u00ed \u00fadaj\u016f<\/h3><p>Va\u0161e osobn\u00ed \u00fadaje vypl\u00fdvaj\u00edc\u00ed z uzav\u0159en\u00fdch smluv nebo zaslan\u00fdch p\u00edsemnost\u00ed budou zpracov\u00e1v\u00e1ny:<\/p><ul><li>po dobu, po kterou jsou poskytov\u00e1ny zprost\u0159edkovatelsk\u00e9 slu\u017eby nebo p\u0159\u00edm\u00fd marketing slu\u017eeb poskytovan\u00fdch Str\u00e1nkou;<\/li><li>po dobu nezbytnou k ochran\u011b z\u00e1jm\u016f Spr\u00e1vce;<\/li><li>po dobu, na kterou byl ud\u011blen souhlas;<\/li><li>po dobu, po kterou pr\u00e1vn\u00ed p\u0159edpisy mohou Spr\u00e1vci ukl\u00e1dat povinnost zpracov\u00e1vat \u00fadaje po stanovenou dobu (nap\u0159. z\u00e1kon o \u00fa\u010detnictv\u00ed);<\/li><\/ul><p>V\u00e1\u0161 nesouhlas se zpracov\u00e1n\u00edm osobn\u00edch \u00fadaj\u016f bude p\u0159ijat v p\u0159\u00edpad\u011b, \u017ee pr\u00e1vn\u00edm z\u00e1kladem zpracov\u00e1n\u00ed Va\u0161ich \u00fadaj\u016f byl opr\u00e1vn\u011bn\u00fd z\u00e1jem Spr\u00e1vce nebo pokud byly \u00fadaje zpracov\u00e1v\u00e1ny pro \u00fa\u010dely p\u0159\u00edm\u00e9ho marketingu, v\u010detn\u011b registrace u\u017eivatelsk\u00e9ho profilu na Str\u00e1nce.<\/p><h3>8. P\u0159\u00edjemci \u00fadaj\u016f<\/h3><p>Va\u0161e \u00fadaje mohou b\u00fdt p\u0159ed\u00e1ny:<\/p><ul><li>Partner\u016fm a klient\u016fm, s nimi\u017e Spr\u00e1vce spolupracuje za \u00fa\u010delem poskytov\u00e1n\u00ed slu\u017eby;<\/li><li>Kuriersk\u00fdm a po\u0161tovn\u00edm spole\u010dnostem, kter\u00e9 V\u00e1m budou doru\u010dovat z\u00e1silky;<\/li><li>Advok\u00e1tn\u00edm kancel\u00e1\u0159\u00edm a pr\u00e1vn\u00edm firm\u00e1m, kter\u00fdm Spr\u00e1vce sv\u011b\u0159il nap\u0159\u00edklad veden\u00ed \u0159\u00edzen\u00ed;<\/li><li>Subjekt\u016fm poskytuj\u00edc\u00edm n\u00e1m technickou podporu;<\/li><li>Subjekt\u016fm nebo org\u00e1n\u016fm opr\u00e1vn\u011bn\u00fdm podle pr\u00e1vn\u00edch p\u0159edpis\u016f.<\/li><\/ul><h3>9. Pr\u00e1va subjekt\u016f \u00fadaj\u016f<\/h3><p>V souladu s GDPR m\u00e1te:<\/p><ul><li>Pr\u00e1vo na p\u0159\u00edstup ke sv\u00fdm \u00fadaj\u016fm a z\u00edsk\u00e1n\u00ed jejich kopie;<\/li><li>Pr\u00e1vo na opravu (aktualizaci) sv\u00fdch \u00fadaj\u016f;<\/li><li>Pr\u00e1vo na vymaz\u00e1n\u00ed \u00fadaj\u016f a omezen\u00ed zpracov\u00e1n\u00ed;<\/li><li>Pr\u00e1vo vzn\u00e9st n\u00e1mitku proti zpracov\u00e1n\u00ed \u00fadaj\u016f;<\/li><li>Pr\u00e1vo na p\u0159enositelnost \u00fadaj\u016f;<\/li><li>Pr\u00e1vo podat st\u00ed\u017enost u dozorov\u00e9ho \u00fa\u0159adu.<\/li><\/ul><h3>10. Informace o dobrovolnosti poskytnut\u00ed \u00fadaj\u016f<\/h3><p>Poskytnut\u00ed \u00fadaj\u016f je dobrovoln\u00e9, nicm\u00e9n\u011b je nezbytn\u00e9 pro vyu\u017e\u00edv\u00e1n\u00ed zprost\u0159edkovatelsk\u00fdch slu\u017eeb nebo p\u0159\u00edm\u00e9ho marketingu slu\u017eeb poskytovan\u00fdch prost\u0159ednictv\u00edm Str\u00e1nky.<\/p>\t\t\t\t\t\t\t\t<\/div>\n\t\t\t\t\t<\/div>\n\t\t\t\t<\/div>\n\t\t\t\t<\/div>\n\t\t","protected":false},"excerpt":{"rendered":"<p>1. Obecn\u00e9 informace Spr\u00e1vcem \u00fadaj\u016f je Winterro Sp. z o.o. se s\u00eddlem v Lublinu, da\u0148ov\u00e9 identifika\u010dn\u00ed \u010d\u00edslo (NIP) 7123435727. Ochrana \u00fadaj\u016f prob\u00edh\u00e1 v souladu s po\u017eadavky obecn\u011b z\u00e1vazn\u00fdch pr\u00e1vn\u00edch p\u0159edpis\u016f a \u00fadaje jsou uchov\u00e1v\u00e1ny na zabezpe\u010den\u00fdch serverech. Pro v\u00fdklad pojm\u016f se pou\u017e\u00edv\u00e1 slovn\u00ed\u010dek Z\u00e1sad ochrany osobn\u00edch \u00fadaj\u016f. Pro lep\u0161\u00ed srozumitelnost t\u011bchto Z\u00e1sad ochrany osobn\u00edch \u00fadaj\u016f [&hellip;]<\/p>\n","protected":false},"author":1,"featured_media":0,"parent":0,"menu_order":0,"comment_status":"closed","ping_status":"open","template":"","meta":{"_acf_changed":false,"footnotes":""},"class_list":["post-790","page","type-page","status-publish","hentry"],"acf":[],"_links":{"self":[{"href":"https:\/\/winterro.com\/cs\/wp-json\/wp\/v2\/pages\/790","targetHints":{"allow":["GET"]}}],"collection":[{"href":"https:\/\/winterro.com\/cs\/wp-json\/wp\/v2\/pages"}],"about":[{"href":"https:\/\/winterro.com\/cs\/wp-json\/wp\/v2\/types\/page"}],"author":[{"embeddable":true,"href":"https:\/\/winterro.com\/cs\/wp-json\/wp\/v2\/users\/1"}],"replies":[{"embeddable":true,"href":"https:\/\/winterro.com\/cs\/wp-json\/wp\/v2\/comments?post=790"}],"version-history":[{"count":6,"href":"https:\/\/winterro.com\/cs\/wp-json\/wp\/v2\/pages\/790\/revisions"}],"predecessor-version":[{"id":840,"href":"https:\/\/winterro.com\/cs\/wp-json\/wp\/v2\/pages\/790\/revisions\/840"}],"wp:attachment":[{"href":"https:\/\/winterro.com\/cs\/wp-json\/wp\/v2\/media?parent=790"}],"curies":[{"name":"wp","href":"https:\/\/api.w.org\/{rel}","templated":true}]}}